{"id":245,"date":"2023-05-10T19:34:03","date_gmt":"2023-05-10T19:34:03","guid":{"rendered":"http:\/\/tugues.com.s111-117.furanet.com\/?page_id=245"},"modified":"2026-04-20T10:08:41","modified_gmt":"2026-04-20T10:08:41","slug":"sobre-nosotros","status":"publish","type":"page","link":"https:\/\/tugues.eu\/ca\/sobre-nosotros\/","title":{"rendered":"Sobre nosaltres"},"content":{"rendered":"<p class=\"attachment\"><a href='https:\/\/tugues.eu\/wp-content\/uploads\/2023\/05\/Sika_ClaimU_pos_pms.jpg'><img fetchpriority=\"high\" decoding=\"async\" width=\"275\" height=\"300\" src=\"https:\/\/tugues.eu\/wp-content\/uploads\/2023\/05\/Sika_ClaimU_pos_pms-275x300.jpg\" class=\"attachment-medium size-medium\" alt=\"\" srcset=\"https:\/\/tugues.eu\/wp-content\/uploads\/2023\/05\/Sika_ClaimU_pos_pms-275x300.jpg 275w, https:\/\/tugues.eu\/wp-content\/uploads\/2023\/05\/Sika_ClaimU_pos_pms-600x654.jpg 600w, https:\/\/tugues.eu\/wp-content\/uploads\/2023\/05\/Sika_ClaimU_pos_pms.jpg 705w\" sizes=\"(max-width: 275px) 100vw, 275px\" \/><\/a><\/p>\n\t\t<div data-elementor-type=\"wp-page\" data-elementor-id=\"245\" class=\"elementor elementor-245\">\n\t\t\t\t\t\t<section class=\"elementor-section elementor-top-section elementor-element elementor-element-a83528c elementor-section-full_width elementor-section-height-default elementor-section-height-default\" data-id=\"a83528c\" data-element_type=\"section\" data-e-type=\"section\" data-settings=\"{&quot;background_background&quot;:&quot;classic&quot;}\">\n\t\t\t\t\t\t\t<div class=\"elementor-background-overlay\"><\/div>\n\t\t\t\t\t\t\t<div class=\"elementor-container elementor-column-gap-default\">\n\t\t\t\t\t<div class=\"elementor-column elementor-col-100 elementor-top-column elementor-element elementor-element-e52aaaf\" data-id=\"e52aaaf\" data-element_type=\"column\" data-e-type=\"column\" data-settings=\"{&quot;background_background&quot;:&quot;classic&quot;}\">\n\t\t\t<div class=\"elementor-widget-wrap elementor-element-populated\">\n\t\t\t\t\t\t<section class=\"elementor-section elementor-inner-section elementor-element elementor-element-fc889dc elementor-section-boxed elementor-section-height-default elementor-section-height-default\" data-id=\"fc889dc\" data-element_type=\"section\" data-e-type=\"section\">\n\t\t\t\t\t\t<div class=\"elementor-container elementor-column-gap-default\">\n\t\t\t\t\t<div class=\"elementor-column elementor-col-100 elementor-inner-column elementor-element elementor-element-152fc21\" data-id=\"152fc21\" data-element_type=\"column\" data-e-type=\"column\">\n\t\t\t<div class=\"elementor-widget-wrap elementor-element-populated\">\n\t\t\t\t\t\t<div class=\"elementor-element elementor-element-974682f elementor-widget elementor-widget-heading\" data-id=\"974682f\" data-element_type=\"widget\" data-e-type=\"widget\" data-widget_type=\"heading.default\">\n\t\t\t\t<div class=\"elementor-widget-container\">\n\t\t\t\t\t<h3 class=\"elementor-heading-title elementor-size-default\">Sobre nosotros<\/h3>\t\t\t\t<\/div>\n\t\t\t\t<\/div>\n\t\t\t\t\t<\/div>\n\t\t<\/div>\n\t\t\t\t\t<\/div>\n\t\t<\/section>\n\t\t\t\t\t<\/div>\n\t\t<\/div>\n\t\t\t\t\t<\/div>\n\t\t<\/section>\n\t\t\t\t<section class=\"elementor-section elementor-top-section elementor-element elementor-element-846d649 elementor-section-full_width elementor-section-height-default elementor-section-height-default\" data-id=\"846d649\" data-element_type=\"section\" data-e-type=\"section\">\n\t\t\t\t\t\t<div class=\"elementor-container elementor-column-gap-default\">\n\t\t\t\t\t<div class=\"elementor-column elementor-col-100 elementor-top-column elementor-element elementor-element-8222c86\" data-id=\"8222c86\" data-element_type=\"column\" data-e-type=\"column\">\n\t\t\t<div class=\"elementor-widget-wrap elementor-element-populated\">\n\t\t\t\t\t\t<section class=\"elementor-section elementor-inner-section elementor-element elementor-element-c4146f9 elementor-section-boxed elementor-section-height-default elementor-section-height-default\" data-id=\"c4146f9\" data-element_type=\"section\" data-e-type=\"section\">\n\t\t\t\t\t\t<div class=\"elementor-container elementor-column-gap-default\">\n\t\t\t\t\t<div class=\"elementor-column elementor-col-50 elementor-inner-column elementor-element elementor-element-f2a0509\" data-id=\"f2a0509\" data-element_type=\"column\" data-e-type=\"column\">\n\t\t\t<div class=\"elementor-widget-wrap elementor-element-populated\">\n\t\t\t\t\t\t<div class=\"elementor-element elementor-element-499af1c elementor-widget elementor-widget-heading\" data-id=\"499af1c\" data-element_type=\"widget\" data-e-type=\"widget\" data-widget_type=\"heading.default\">\n\t\t\t\t<div class=\"elementor-widget-container\">\n\t\t\t\t\t<h1 class=\"elementor-heading-title elementor-size-default\">Experiencia y dedicaci\u00f3n<\/h1>\t\t\t\t<\/div>\n\t\t\t\t<\/div>\n\t\t\t\t<div class=\"elementor-element elementor-element-34a4318 elementor-widget-divider--view-line elementor-widget elementor-widget-divider\" data-id=\"34a4318\" data-element_type=\"widget\" data-e-type=\"widget\" data-widget_type=\"divider.default\">\n\t\t\t\t<div class=\"elementor-widget-container\">\n\t\t\t\t\t\t\t<div class=\"elementor-divider\">\n\t\t\t<span class=\"elementor-divider-separator\">\n\t\t\t\t\t\t<\/span>\n\t\t<\/div>\n\t\t\t\t\t\t<\/div>\n\t\t\t\t<\/div>\n\t\t\t\t<div class=\"elementor-element elementor-element-6053b63 elementor-widget elementor-widget-text-editor\" data-id=\"6053b63\" data-element_type=\"widget\" data-e-type=\"widget\" data-widget_type=\"text-editor.default\">\n\t\t\t\t<div class=\"elementor-widget-container\">\n\t\t\t\t\t\t\t\t\t<p data-start=\"112\" data-end=\"484\">En Tugues contamos con una s\u00f3lida trayectoria en la venta de materiales de construcci\u00f3n, ofreciendo siempre un servicio basado en la confianza, la cercan\u00eda y el compromiso con nuestros clientes. A lo largo del tiempo hemos trabajado para convertirnos en un referente para profesionales y particulares que buscan calidad y buen asesoramiento.<\/p><p data-start=\"486\" data-end=\"759\" data-is-last-node=\"\" data-is-only-node=\"\">Nuestro objetivo es acompa\u00f1ar cada proyecto con soluciones pr\u00e1cticas, productos fiables y una atenci\u00f3n personalizada. Creemos en el trabajo bien hecho, en la importancia de los detalles y en la necesidad de ofrecer respuestas \u00e1giles y eficaces a las necesidades del sector.<\/p>\t\t\t\t\t\t\t\t<\/div>\n\t\t\t\t<\/div>\n\t\t\t\t\t<\/div>\n\t\t<\/div>\n\t\t\t\t<div class=\"elementor-column elementor-col-50 elementor-inner-column elementor-element elementor-element-0e8fd7e\" data-id=\"0e8fd7e\" data-element_type=\"column\" data-e-type=\"column\">\n\t\t\t<div class=\"elementor-widget-wrap elementor-element-populated\">\n\t\t\t\t\t\t<div class=\"elementor-element elementor-element-14598fc elementor-widget elementor-widget-image\" data-id=\"14598fc\" data-element_type=\"widget\" data-e-type=\"widget\" data-widget_type=\"image.default\">\n\t\t\t\t<div class=\"elementor-widget-container\">\n\t\t\t\t\t\t\t\t\t\t\t\t\t\t\t<img decoding=\"async\" width=\"1024\" height=\"590\" src=\"https:\/\/tugues.eu\/wp-content\/uploads\/2023\/06\/MAGATZEM1-1-1024x590.jpg\" class=\"attachment-large size-large wp-image-668\" alt=\"\" srcset=\"https:\/\/tugues.eu\/wp-content\/uploads\/2023\/06\/MAGATZEM1-1-1024x590.jpg 1024w, https:\/\/tugues.eu\/wp-content\/uploads\/2023\/06\/MAGATZEM1-1-300x173.jpg 300w, https:\/\/tugues.eu\/wp-content\/uploads\/2023\/06\/MAGATZEM1-1-768x443.jpg 768w, https:\/\/tugues.eu\/wp-content\/uploads\/2023\/06\/MAGATZEM1-1-1536x885.jpg 1536w, https:\/\/tugues.eu\/wp-content\/uploads\/2023\/06\/MAGATZEM1-1-2048x1180.jpg 2048w, https:\/\/tugues.eu\/wp-content\/uploads\/2023\/06\/MAGATZEM1-1-18x10.jpg 18w, https:\/\/tugues.eu\/wp-content\/uploads\/2023\/06\/MAGATZEM1-1-600x346.jpg 600w\" sizes=\"(max-width: 1024px) 100vw, 1024px\" \/>\t\t\t\t\t\t\t\t\t\t\t\t\t\t\t<\/div>\n\t\t\t\t<\/div>\n\t\t\t\t\t<\/div>\n\t\t<\/div>\n\t\t\t\t\t<\/div>\n\t\t<\/section>\n\t\t\t\t\t<\/div>\n\t\t<\/div>\n\t\t\t\t\t<\/div>\n\t\t<\/section>\n\t\t\t\t<section class=\"elementor-section elementor-top-section elementor-element elementor-element-d9459ad elementor-section-full_width elementor-hidden-tablet elementor-hidden-mobile elementor-section-height-default elementor-section-height-default\" data-id=\"d9459ad\" data-element_type=\"section\" data-e-type=\"section\" data-settings=\"{&quot;background_background&quot;:&quot;classic&quot;}\">\n\t\t\t\t\t\t<div class=\"elementor-container elementor-column-gap-default\">\n\t\t\t\t\t<div class=\"elementor-column elementor-col-100 elementor-top-column elementor-element elementor-element-4972a73\" data-id=\"4972a73\" data-element_type=\"column\" data-e-type=\"column\">\n\t\t\t<div class=\"elementor-widget-wrap elementor-element-populated\">\n\t\t\t\t\t\t<div class=\"elementor-element elementor-element-9c47c41 elementor-headline--style-rotate elementor-widget elementor-widget-animated-headline\" data-id=\"9c47c41\" data-element_type=\"widget\" data-e-type=\"widget\" data-settings=\"{&quot;headline_style&quot;:&quot;rotate&quot;,&quot;animation_type&quot;:&quot;slide&quot;,&quot;rotating_text&quot;:&quot;compromiso\\ncalidad\\ngarant\\u00eda\\nrespuesta&quot;,&quot;loop&quot;:&quot;yes&quot;,&quot;rotate_iteration_delay&quot;:2500}\" data-widget_type=\"animated-headline.default\">\n\t\t\t\t<div class=\"elementor-widget-container\">\n\t\t\t\t\t\t\t<h4 class=\"elementor-headline elementor-headline-animation-type-slide\">\n\t\t\t\t\t<span class=\"elementor-headline-plain-text elementor-headline-text-wrapper\">En Tugues ofrecemos<\/span>\n\t\t\t\t<span class=\"elementor-headline-dynamic-wrapper elementor-headline-text-wrapper\">\n\t\t\t\t\t<span class=\"elementor-headline-dynamic-text elementor-headline-text-active\">\n\t\t\t\tcompromiso\t\t\t<\/span>\n\t\t\t\t\t<span class=\"elementor-headline-dynamic-text\">\n\t\t\t\tcalidad\t\t\t<\/span>\n\t\t\t\t\t<span class=\"elementor-headline-dynamic-text\">\n\t\t\t\tgarant\u00eda\t\t\t<\/span>\n\t\t\t\t\t<span class=\"elementor-headline-dynamic-text\">\n\t\t\t\trespuesta\t\t\t<\/span>\n\t\t\t\t\t\t<\/span>\n\t\t\t\t<\/h4>\n\t\t\t\t\t\t<\/div>\n\t\t\t\t<\/div>\n\t\t\t\t\t<\/div>\n\t\t<\/div>\n\t\t\t\t\t<\/div>\n\t\t<\/section>\n\t\t\t\t<section class=\"elementor-section elementor-top-section elementor-element elementor-element-044bbc4 elementor-reverse-mobile elementor-section-boxed elementor-section-height-default elementor-section-height-default\" data-id=\"044bbc4\" data-element_type=\"section\" data-e-type=\"section\" data-settings=\"{&quot;background_background&quot;:&quot;classic&quot;}\">\n\t\t\t\t\t\t\t<div class=\"elementor-background-overlay\"><\/div>\n\t\t\t\t\t\t\t<div class=\"elementor-container elementor-column-gap-default\">\n\t\t\t\t\t<div class=\"elementor-column elementor-col-50 elementor-top-column elementor-element elementor-element-c158d87\" data-id=\"c158d87\" data-element_type=\"column\" data-e-type=\"column\" data-settings=\"{&quot;background_background&quot;:&quot;classic&quot;}\">\n\t\t\t<div class=\"elementor-widget-wrap elementor-element-populated\">\n\t\t\t\t\t\t<div class=\"elementor-element elementor-element-94a35aa elementor-widget elementor-widget-image\" data-id=\"94a35aa\" data-element_type=\"widget\" data-e-type=\"widget\" data-widget_type=\"image.default\">\n\t\t\t\t<div class=\"elementor-widget-container\">\n\t\t\t\t\t\t\t\t\t\t\t\t\t\t\t<img decoding=\"async\" width=\"880\" height=\"636\" src=\"https:\/\/tugues.eu\/wp-content\/uploads\/2023\/05\/LOGO-TUGUES-TARGETA.jpg\" class=\"attachment-full size-full wp-image-75\" alt=\"\" srcset=\"https:\/\/tugues.eu\/wp-content\/uploads\/2023\/05\/LOGO-TUGUES-TARGETA.jpg 880w, https:\/\/tugues.eu\/wp-content\/uploads\/2023\/05\/LOGO-TUGUES-TARGETA-600x434.jpg 600w, https:\/\/tugues.eu\/wp-content\/uploads\/2023\/05\/LOGO-TUGUES-TARGETA-300x217.jpg 300w, https:\/\/tugues.eu\/wp-content\/uploads\/2023\/05\/LOGO-TUGUES-TARGETA-768x555.jpg 768w\" sizes=\"(max-width: 880px) 100vw, 880px\" \/>\t\t\t\t\t\t\t\t\t\t\t\t\t\t\t<\/div>\n\t\t\t\t<\/div>\n\t\t\t\t\t<\/div>\n\t\t<\/div>\n\t\t\t\t<div class=\"elementor-column elementor-col-50 elementor-top-column elementor-element elementor-element-7e110a5\" data-id=\"7e110a5\" data-element_type=\"column\" data-e-type=\"column\">\n\t\t\t<div class=\"elementor-widget-wrap elementor-element-populated\">\n\t\t\t\t\t\t<div class=\"elementor-element elementor-element-e8bd960 elementor-widget elementor-widget-heading\" data-id=\"e8bd960\" data-element_type=\"widget\" data-e-type=\"widget\" data-widget_type=\"heading.default\">\n\t\t\t\t<div class=\"elementor-widget-container\">\n\t\t\t\t\t<h3 class=\"elementor-heading-title elementor-size-default\">Tugues Materiales de Construcci\u00f3n<\/h3>\t\t\t\t<\/div>\n\t\t\t\t<\/div>\n\t\t\t\t<div class=\"elementor-element elementor-element-8226f80 elementor-widget elementor-widget-text-editor\" data-id=\"8226f80\" data-element_type=\"widget\" data-e-type=\"widget\" data-widget_type=\"text-editor.default\">\n\t\t\t\t<div class=\"elementor-widget-container\">\n\t\t\t\t\t\t\t\t\t<p data-start=\"107\" data-end=\"444\">En Tugues ponemos a disposici\u00f3n de nuestros clientes una completa selecci\u00f3n de materiales de construcci\u00f3n para responder a las necesidades de todo tipo de proyectos. Trabajamos con productos de calidad y con un enfoque orientado a ofrecer soluciones duraderas, funcionales y adaptadas a cada obra.<\/p><p data-start=\"446\" data-end=\"697\" data-is-last-node=\"\" data-is-only-node=\"\">Nuestra experiencia en el sector nos permite atender tanto a profesionales como a particulares, siempre con un trato cercano y un asesoramiento personalizado. Apostamos por la confianza, la seriedad y el compromiso como base de nuestro trabajo diario.<\/p>\t\t\t\t\t\t\t\t<\/div>\n\t\t\t\t<\/div>\n\t\t\t\t\t<\/div>\n\t\t<\/div>\n\t\t\t\t\t<\/div>\n\t\t<\/section>\n\t\t\t\t<section class=\"elementor-section elementor-top-section elementor-element elementor-element-6a3d7802 elementor-section-boxed elementor-section-height-default elementor-section-height-default\" data-id=\"6a3d7802\" data-element_type=\"section\" data-e-type=\"section\" data-settings=\"{&quot;background_background&quot;:&quot;classic&quot;}\">\n\t\t\t\t\t\t<div class=\"elementor-container elementor-column-gap-default\">\n\t\t\t\t\t<div class=\"elementor-column elementor-col-100 elementor-top-column elementor-element elementor-element-60e4edcf\" data-id=\"60e4edcf\" data-element_type=\"column\" data-e-type=\"column\">\n\t\t\t<div class=\"elementor-widget-wrap elementor-element-populated\">\n\t\t\t\t\t\t<div class=\"elementor-element elementor-element-47a8e83a elementor-widget elementor-widget-heading\" data-id=\"47a8e83a\" data-element_type=\"widget\" data-e-type=\"widget\" data-widget_type=\"heading.default\">\n\t\t\t\t<div class=\"elementor-widget-container\">\n\t\t\t\t\t<h2 class=\"elementor-heading-title elementor-size-default\">Trabajamos con las primeras marcas<\/h2>\t\t\t\t<\/div>\n\t\t\t\t<\/div>\n\t\t\t\t<div class=\"elementor-element elementor-element-7a97c40a elementor-widget elementor-widget-shortcode\" data-id=\"7a97c40a\" data-element_type=\"widget\" data-e-type=\"widget\" data-widget_type=\"shortcode.default\">\n\t\t\t\t<div class=\"elementor-widget-container\">\n\t\t\t\t\t\t\t<div class=\"elementor-shortcode\">\t\t\r\n\t\t\r\n\t\t<style>\t\r\n\t\t\t\t\t\t\t#lswssp-logo-carousel-1 .lswssp-logo-img-wrap .lswssp-logo-img{max-height:200px}\r\n\t\t\t\t\t<\/style>\r\n\r\n\t\t<div class=\"lswssp-wrap lswssp-logo-showcase lswssp-logo-carousel-wrap lswssp-post-data-wrap lswssp-design-1  lswssp-default-height\">\r\n\t<div class=\"lswssp-logo-carousel lswssp-logo-carousel-inr-wrap lswssp-post-data-inr-wrap lswssp-tooltip-conf lswssp-clearfix\" id=\"lswssp-logo-carousel-1\" data-conf=\"{&quot;id&quot;:&quot;199&quot;,&quot;css_class&quot;:&quot; lswssp-default-height&quot;,&quot;display_type&quot;:&quot;slider&quot;,&quot;images&quot;:[200,201,202,203,204,205,206,207,208,209,210,211,212,213,214,215,216,217],&quot;design&quot;:&quot;design-1&quot;,&quot;show_title&quot;:false,&quot;show_desc&quot;:false,&quot;link_target&quot;:&quot;_blank&quot;,&quot;min_height&quot;:&quot;&quot;,&quot;max_height&quot;:200,&quot;slides_show&quot;:5,&quot;slides_scroll&quot;:1,&quot;autoplay&quot;:true,&quot;autoplay_speed&quot;:3000,&quot;speed&quot;:600,&quot;arrow&quot;:true,&quot;dots&quot;:true,&quot;pause_on_hover&quot;:true,&quot;loop&quot;:true,&quot;centermode&quot;:false,&quot;center_padding&quot;:0,&quot;ipad&quot;:3,&quot;tablet&quot;:3,&quot;mobile&quot;:3,&quot;unique&quot;:1,&quot;count&quot;:0,&quot;slide_to_show&quot;:5,&quot;slide_to_show_ipad&quot;:3,&quot;slide_to_show_tablet&quot;:3,&quot;slide_to_show_mobile&quot;:3}\"><div class=\"lswssp-slide lswssp-post-200\">\r\n\t<div class=\"lswssp-slide-inner\">\r\n\t\t<div class=\"lswssp-logo-img-wrap\">\r\n\t\t\t\t\t\t\t<img decoding=\"async\" class=\"lswssp-logo-img\" src=\"https:\/\/tugues.eu\/wp-content\/uploads\/2023\/05\/Diseno-sin-titulo-18-1030x1030-1.png\" alt=\"Dise\u00f1o-sin-t\u00edtulo-18-1030x1030\" \/>\r\n\t\t\t\t\t<\/div>\r\n\r\n\t\t\t<\/div>\r\n<\/div><div class=\"lswssp-slide lswssp-post-201\">\r\n\t<div class=\"lswssp-slide-inner\">\r\n\t\t<div class=\"lswssp-logo-img-wrap\">\r\n\t\t\t\t\t\t\t<img decoding=\"async\" class=\"lswssp-logo-img\" src=\"https:\/\/tugues.eu\/wp-content\/uploads\/2023\/05\/GECOLazul-1030x244-1.jpg\" alt=\"GECOLazul-1030x244\" \/>\r\n\t\t\t\t\t<\/div>\r\n\r\n\t\t\t<\/div>\r\n<\/div><div class=\"lswssp-slide lswssp-post-202\">\r\n\t<div class=\"lswssp-slide-inner\">\r\n\t\t<div class=\"lswssp-logo-img-wrap\">\r\n\t\t\t\t\t\t\t<img decoding=\"async\" class=\"lswssp-logo-img\" src=\"https:\/\/tugues.eu\/wp-content\/uploads\/2023\/05\/LOGO-ACO.png\" alt=\"LOGO-ACO\" \/>\r\n\t\t\t\t\t<\/div>\r\n\r\n\t\t\t<\/div>\r\n<\/div><div class=\"lswssp-slide lswssp-post-203\">\r\n\t<div class=\"lswssp-slide-inner\">\r\n\t\t<div class=\"lswssp-logo-img-wrap\">\r\n\t\t\t\t\t\t\t<img decoding=\"async\" class=\"lswssp-logo-img\" src=\"https:\/\/tugues.eu\/wp-content\/uploads\/2023\/05\/LOGO-ASTRAL-POOL.jpg\" alt=\"LOGO-ASTRAL-POOL\" \/>\r\n\t\t\t\t\t<\/div>\r\n\r\n\t\t\t<\/div>\r\n<\/div><div class=\"lswssp-slide lswssp-post-204\">\r\n\t<div class=\"lswssp-slide-inner\">\r\n\t\t<div class=\"lswssp-logo-img-wrap\">\r\n\t\t\t\t\t\t\t<img decoding=\"async\" class=\"lswssp-logo-img\" src=\"https:\/\/tugues.eu\/wp-content\/uploads\/2023\/05\/LOGO-BASE.jpg\" alt=\"LOGO-BASE\" \/>\r\n\t\t\t\t\t<\/div>\r\n\r\n\t\t\t<\/div>\r\n<\/div><div class=\"lswssp-slide lswssp-post-205\">\r\n\t<div class=\"lswssp-slide-inner\">\r\n\t\t<div class=\"lswssp-logo-img-wrap\">\r\n\t\t\t\t\t\t\t<img decoding=\"async\" class=\"lswssp-logo-img\" src=\"https:\/\/tugues.eu\/wp-content\/uploads\/2023\/05\/LOGO-CEYS.jpg\" alt=\"LOGO-CEYS\" \/>\r\n\t\t\t\t\t<\/div>\r\n\r\n\t\t\t<\/div>\r\n<\/div><div class=\"lswssp-slide lswssp-post-206\">\r\n\t<div class=\"lswssp-slide-inner\">\r\n\t\t<div class=\"lswssp-logo-img-wrap\">\r\n\t\t\t\t\t\t\t<img decoding=\"async\" class=\"lswssp-logo-img\" src=\"https:\/\/tugues.eu\/wp-content\/uploads\/2023\/05\/LOGO-DIADORA.jpg\" alt=\"LOGO-DIADORA\" \/>\r\n\t\t\t\t\t<\/div>\r\n\r\n\t\t\t<\/div>\r\n<\/div><div class=\"lswssp-slide lswssp-post-207\">\r\n\t<div class=\"lswssp-slide-inner\">\r\n\t\t<div class=\"lswssp-logo-img-wrap\">\r\n\t\t\t\t\t\t\t<img decoding=\"async\" class=\"lswssp-logo-img\" src=\"https:\/\/tugues.eu\/wp-content\/uploads\/2023\/05\/LOGO-FARAONE.jpg\" alt=\"LOGO-FARAONE\" \/>\r\n\t\t\t\t\t<\/div>\r\n\r\n\t\t\t<\/div>\r\n<\/div><div class=\"lswssp-slide lswssp-post-208\">\r\n\t<div class=\"lswssp-slide-inner\">\r\n\t\t<div class=\"lswssp-logo-img-wrap\">\r\n\t\t\t\t\t\t\t<img decoding=\"async\" class=\"lswssp-logo-img\" src=\"https:\/\/tugues.eu\/wp-content\/uploads\/2023\/05\/LOGO-FISCHER.jpg\" alt=\"LOGO-FISCHER\" \/>\r\n\t\t\t\t\t<\/div>\r\n\r\n\t\t\t<\/div>\r\n<\/div><div class=\"lswssp-slide lswssp-post-209\">\r\n\t<div class=\"lswssp-slide-inner\">\r\n\t\t<div class=\"lswssp-logo-img-wrap\">\r\n\t\t\t\t\t\t\t<img decoding=\"async\" class=\"lswssp-logo-img\" src=\"https:\/\/tugues.eu\/wp-content\/uploads\/2023\/05\/LOGO-FLUIDRA.jpg\" alt=\"LOGO-FLUIDRA\" \/>\r\n\t\t\t\t\t<\/div>\r\n\r\n\t\t\t<\/div>\r\n<\/div><div class=\"lswssp-slide lswssp-post-210\">\r\n\t<div class=\"lswssp-slide-inner\">\r\n\t\t<div class=\"lswssp-logo-img-wrap\">\r\n\t\t\t\t\t\t\t<img decoding=\"async\" class=\"lswssp-logo-img\" src=\"https:\/\/tugues.eu\/wp-content\/uploads\/2023\/05\/LOGO-J\u00b4HAYBER.jpg\" alt=\"LOGO-J\u00b4HAYBER\" \/>\r\n\t\t\t\t\t<\/div>\r\n\r\n\t\t\t<\/div>\r\n<\/div><div class=\"lswssp-slide lswssp-post-211\">\r\n\t<div class=\"lswssp-slide-inner\">\r\n\t\t<div class=\"lswssp-logo-img-wrap\">\r\n\t\t\t\t\t\t\t<img decoding=\"async\" class=\"lswssp-logo-img\" src=\"https:\/\/tugues.eu\/wp-content\/uploads\/2023\/05\/LOGO-PLAINSUR.jpg\" alt=\"LOGO-PLAINSUR\" \/>\r\n\t\t\t\t\t<\/div>\r\n\r\n\t\t\t<\/div>\r\n<\/div><div class=\"lswssp-slide lswssp-post-212\">\r\n\t<div class=\"lswssp-slide-inner\">\r\n\t\t<div class=\"lswssp-logo-img-wrap\">\r\n\t\t\t\t\t\t\t<img decoding=\"async\" class=\"lswssp-logo-img\" src=\"https:\/\/tugues.eu\/wp-content\/uploads\/2023\/05\/LOGO-RUBI.jpg\" alt=\"LOGO-RUBI\" \/>\r\n\t\t\t\t\t<\/div>\r\n\r\n\t\t\t<\/div>\r\n<\/div><div class=\"lswssp-slide lswssp-post-213\">\r\n\t<div class=\"lswssp-slide-inner\">\r\n\t\t<div class=\"lswssp-logo-img-wrap\">\r\n\t\t\t\t\t\t\t<img decoding=\"async\" class=\"lswssp-logo-img\" src=\"https:\/\/tugues.eu\/wp-content\/uploads\/2023\/05\/LOGO-SAFETOP.jpg\" alt=\"LOGO-SAFETOP\" \/>\r\n\t\t\t\t\t<\/div>\r\n\r\n\t\t\t<\/div>\r\n<\/div><div class=\"lswssp-slide lswssp-post-214\">\r\n\t<div class=\"lswssp-slide-inner\">\r\n\t\t<div class=\"lswssp-logo-img-wrap\">\r\n\t\t\t\t\t\t\t<img decoding=\"async\" class=\"lswssp-logo-img\" src=\"https:\/\/tugues.eu\/wp-content\/uploads\/2023\/05\/Logo-SP.jpg\" alt=\"Logo-SP\" \/>\r\n\t\t\t\t\t<\/div>\r\n\r\n\t\t\t<\/div>\r\n<\/div><div class=\"lswssp-slide lswssp-post-215\">\r\n\t<div class=\"lswssp-slide-inner\">\r\n\t\t<div class=\"lswssp-logo-img-wrap\">\r\n\t\t\t\t\t\t\t<img decoding=\"async\" class=\"lswssp-logo-img\" src=\"https:\/\/tugues.eu\/wp-content\/uploads\/2023\/05\/LOGO-VELILLA.jpg\" alt=\"LOGO-VELILLA\" \/>\r\n\t\t\t\t\t<\/div>\r\n\r\n\t\t\t<\/div>\r\n<\/div><div class=\"lswssp-slide lswssp-post-216\">\r\n\t<div class=\"lswssp-slide-inner\">\r\n\t\t<div class=\"lswssp-logo-img-wrap\">\r\n\t\t\t\t\t\t\t<img decoding=\"async\" class=\"lswssp-logo-img\" src=\"https:\/\/tugues.eu\/wp-content\/uploads\/2023\/05\/LOGO-WEBER.jpg\" alt=\"LOGO-WEBER\" \/>\r\n\t\t\t\t\t<\/div>\r\n\r\n\t\t\t<\/div>\r\n<\/div><div class=\"lswssp-slide lswssp-post-217\">\r\n\t<div class=\"lswssp-slide-inner\">\r\n\t\t<div class=\"lswssp-logo-img-wrap\">\r\n\t\t\t\t\t\t\t<img decoding=\"async\" class=\"lswssp-logo-img\" src=\"https:\/\/tugues.eu\/wp-content\/uploads\/2023\/05\/Sika_ClaimU_pos_pms.jpg\" alt=\"12_Sika_LogoClaimU-V2\" \/>\r\n\t\t\t\t\t<\/div>\r\n\r\n\t\t\t<\/div>\r\n<\/div>\t<\/div>\r\n<\/div>\n<\/div>\n\t\t\t\t\t\t<\/div>\n\t\t\t\t<\/div>\n\t\t\t\t\t<\/div>\n\t\t<\/div>\n\t\t\t\t\t<\/div>\n\t\t<\/section>\n\t\t\t\t<\/div>\n\t\t","protected":false},"excerpt":{"rendered":"<p>Sobre nosotros Experiencia y dedicaci\u00f3n En Tugues contamos con una s\u00f3lida trayectoria en la venta de materiales de construcci\u00f3n, ofreciendo siempre un servicio basado en la confianza, la cercan\u00eda y el compromiso con nuestros clientes. A lo largo del tiempo hemos trabajado para convertirnos en un referente para profesionales y particulares que buscan calidad y [&hellip;]<\/p>\n","protected":false},"author":1,"featured_media":0,"parent":0,"menu_order":0,"comment_status":"closed","ping_status":"closed","template":"","meta":{"site-sidebar-layout":"no-sidebar","site-content-layout":"page-builder","ast-site-content-layout":"default","site-content-style":"default","site-sidebar-style":"default","ast-global-header-display":"","ast-banner-title-visibility":"","ast-main-header-display":"","ast-hfb-above-header-display":"","ast-hfb-below-header-display":"","ast-hfb-mobile-header-display":"","site-post-title":"disabled","ast-breadcrumbs-content":"","ast-featured-img":"disabled","footer-sml-layout":"","ast-disable-related-posts":"","theme-transparent-header-meta":"default","adv-header-id-meta":"","stick-header-meta":"","header-above-stick-meta":"","header-main-stick-meta":"","header-below-stick-meta":"","astra-migrate-meta-layouts":"default","ast-page-background-enabled":"default","ast-page-background-meta":{"desktop":{"background-color":"var(--ast-global-color-4)","background-image":"","background-repeat":"repeat","background-position":"center center","background-size":"auto","background-attachment":"scroll","background-type":"","background-media":"","overlay-type":"","overlay-color":"","overlay-opacity":"","overlay-gradient":""},"tablet":{"background-color":"","background-image":"","background-repeat":"repeat","background-position":"center center","background-size":"auto","background-attachment":"scroll","background-type":"","background-media":"","overlay-type":"","overlay-color":"","overlay-opacity":"","overlay-gradient":""},"mobile":{"background-color":"","background-image":"","background-repeat":"repeat","background-position":"center center","background-size":"auto","background-attachment":"scroll","background-type":"","background-media":"","overlay-type":"","overlay-color":"","overlay-opacity":"","overlay-gradient":""}},"ast-content-background-meta":{"desktop":{"background-color":"var(--ast-global-color-5)","background-image":"","background-repeat":"repeat","background-position":"center center","background-size":"auto","background-attachment":"scroll","background-type":"","background-media":"","overlay-type":"","overlay-color":"","overlay-opacity":"","overlay-gradient":""},"tablet":{"background-color":"var(--ast-global-color-5)","background-image":"","background-repeat":"repeat","background-position":"center center","background-size":"auto","background-attachment":"scroll","background-type":"","background-media":"","overlay-type":"","overlay-color":"","overlay-opacity":"","overlay-gradient":""},"mobile":{"background-color":"var(--ast-global-color-5)","background-image":"","background-repeat":"repeat","background-position":"center center","background-size":"auto","background-attachment":"scroll","background-type":"","background-media":"","overlay-type":"","overlay-color":"","overlay-opacity":"","overlay-gradient":""}},"footnotes":""},"class_list":["post-245","page","type-page","status-publish","hentry"],"_links":{"self":[{"href":"https:\/\/tugues.eu\/ca\/wp-json\/wp\/v2\/pages\/245","targetHints":{"allow":["GET"]}}],"collection":[{"href":"https:\/\/tugues.eu\/ca\/wp-json\/wp\/v2\/pages"}],"about":[{"href":"https:\/\/tugues.eu\/ca\/wp-json\/wp\/v2\/types\/page"}],"author":[{"embeddable":true,"href":"https:\/\/tugues.eu\/ca\/wp-json\/wp\/v2\/users\/1"}],"replies":[{"embeddable":true,"href":"https:\/\/tugues.eu\/ca\/wp-json\/wp\/v2\/comments?post=245"}],"version-history":[{"count":67,"href":"https:\/\/tugues.eu\/ca\/wp-json\/wp\/v2\/pages\/245\/revisions"}],"predecessor-version":[{"id":7857,"href":"https:\/\/tugues.eu\/ca\/wp-json\/wp\/v2\/pages\/245\/revisions\/7857"}],"wp:attachment":[{"href":"https:\/\/tugues.eu\/ca\/wp-json\/wp\/v2\/media?parent=245"}],"curies":[{"name":"wp","href":"https:\/\/api.w.org\/{rel}","templated":true}]}}