{"id":7786,"date":"2024-03-01T12:52:06","date_gmt":"2024-03-01T12:52:06","guid":{"rendered":"https:\/\/tugues.eu\/?page_id=7786"},"modified":"2024-03-01T12:55:56","modified_gmt":"2024-03-01T12:55:56","slug":"politica-de-privacidad","status":"publish","type":"page","link":"https:\/\/tugues.eu\/ca\/politica-de-privacidad\/","title":{"rendered":"Pol\u00edtica de privadesa"},"content":{"rendered":"<div data-elementor-type=\"wp-page\" data-elementor-id=\"7786\" class=\"elementor elementor-7786\">\n\t\t\t\t\t\t<section class=\"elementor-section elementor-top-section elementor-element elementor-element-b86e664 elementor-section-boxed elementor-section-height-default elementor-section-height-default\" data-id=\"b86e664\" data-element_type=\"section\" data-e-type=\"section\">\n\t\t\t\t\t\t<div class=\"elementor-container elementor-column-gap-default\">\n\t\t\t\t\t<div class=\"elementor-column elementor-col-100 elementor-top-column elementor-element elementor-element-6015d67\" data-id=\"6015d67\" data-element_type=\"column\" data-e-type=\"column\">\n\t\t\t<div class=\"elementor-widget-wrap elementor-element-populated\">\n\t\t\t\t\t\t<div class=\"elementor-element elementor-element-21361e1 elementor-widget elementor-widget-heading\" data-id=\"21361e1\" data-element_type=\"widget\" data-e-type=\"widget\" data-widget_type=\"heading.default\">\n\t\t\t\t<div class=\"elementor-widget-container\">\n\t\t\t\t\t<h1 class=\"elementor-heading-title elementor-size-default\">POL\u00cdTICA DE PRIVACITAT<\/h1>\t\t\t\t<\/div>\n\t\t\t\t<\/div>\n\t\t\t\t\t<\/div>\n\t\t<\/div>\n\t\t\t\t\t<\/div>\n\t\t<\/section>\n\t\t\t\t<section class=\"elementor-section elementor-top-section elementor-element elementor-element-fadcfe1 elementor-section-boxed elementor-section-height-default elementor-section-height-default\" data-id=\"fadcfe1\" data-element_type=\"section\" data-e-type=\"section\">\n\t\t\t\t\t\t<div class=\"elementor-container elementor-column-gap-default\">\n\t\t\t\t\t<div class=\"elementor-column elementor-col-100 elementor-top-column elementor-element elementor-element-c088cf5\" data-id=\"c088cf5\" data-element_type=\"column\" data-e-type=\"column\">\n\t\t\t<div class=\"elementor-widget-wrap elementor-element-populated\">\n\t\t\t\t\t\t<div class=\"elementor-element elementor-element-f3a54a5 elementor-widget elementor-widget-text-editor\" data-id=\"f3a54a5\" data-element_type=\"widget\" data-e-type=\"widget\" data-widget_type=\"text-editor.default\">\n\t\t\t\t<div class=\"elementor-widget-container\">\n\t\t\t\t\t\t\t\t\t<p><strong>Qui \u00e9s el Responsable del tractament de les vostres dades personals?<\/strong><\/p><p>Nom del domini: tugues.eu<br \/>Denominaci\u00f3n Social: TUGUES MATERIALS DE CONSTRUCCI\u00d3, SL<br \/>CIF: B25468992<br \/>Nombre Comercial: TUGUES MATERIALS DE CONSTRUCCI\u00d3<br \/>Correu electr\u00f2nic: info@tugues.eu<br \/>Tel\u00e8fon: 973 46 02 55<br \/>Adre\u00e7a: Carretera de Calaf, Pol Ind. AB 25740 Ponts Lleida<\/p><p><strong>Amb quina finalitat tractem les vostres dades personals?<\/strong><\/p><p>El Responsable tracta les vostres dades personals amb la finalitat de gesti\u00f3 i control de les relacions contractuals, aix\u00ed com per a l'activitat de publicitat o de prospecci\u00f3 comercial sobre els nostres productes i serveis.<\/p><p><strong>Per quant de temps conservarem les vostres dades?<\/strong><\/p><p>Les dades personals proporcionades es conservaran mentre es mantingui la relaci\u00f3 comercial o durant els anys necessaris per complir les obligacions legals.<\/p><p><strong>Quina \u00e9s la legitimaci\u00f3 per al tractament de les vostres dades personals?<\/strong><\/p><p>La base legal per al tractament de les vostres dades \u00e9s el vostre consentiment inequ\u00edvoc.<\/p><p><strong>Qui s\u00f3n els destinataris de les vostres dades personals?<\/strong><\/p><p>No se cediran dades a tercers, llevat d'obligaci\u00f3 legal.<\/p><p><strong>Quins s\u00f3n els vostres drets quan ens facilita les vostres dades?<\/strong><\/p><p>En qualsevol moment, linteressat pot revocar el consentiment per al tractament.<\/p><p>Qualsevol persona t\u00e9 dret a obtenir confirmaci\u00f3 sobre si estem tractant dades personals que els concerneixen o no.<\/p><p>Les persones interessades tenen dret a accedir a les seves dades personals, aix\u00ed com a sol\u00b7licitar la rectificaci\u00f3 de les dades inexactes o, si escau, sol\u00b7licitar-ne la supressi\u00f3 quan, entre altres motius, les dades ja no siguin necess\u00e0ries per als fins que van ser recollides.<\/p><p>En determinades circumst\u00e0ncies, els interessats podran sol\u00b7licitar la limitaci\u00f3 del tractament de les seves dades, cas en qu\u00e8 \u00fanicament les conservarem per a l'exercici o la defensa de reclamacions.<\/p><p>En determinades circumst\u00e0ncies i per motius relacionats amb la seva situaci\u00f3 particular, els interessats es poden oposar al tractament de les seves dades. Deixarem de tractar les dades, tret de motius leg\u00edtims imperiosos, o l'exercici o la defensa de possibles reclamacions.<\/p><p>Per exercir qualsevol d'aquests drets podeu contactar amb nosaltres a trav\u00e9s dels mitjans de contacte facilitats del Responsable.<\/p><p>En qualsevol moment, l'interessat podr\u00e0 presentar una reclamaci\u00f3 a l'Ag\u00e8ncia Espanyola de Protecci\u00f3 de Dades per fer valer els seus drets a l'adre\u00e7a de correu electr\u00f2nic dpd@agpd.es.<\/p><p>Totes les dades sol\u00b7licitades a trav\u00e9s del lloc web s\u00f3n obligat\u00f2ries, ja que s\u00f3n necess\u00e0ries per a la prestaci\u00f3 d'un servei \u00f2ptim a l'usuari. En cas que no siguin facilitades totes les dades, el prestador no garanteix que la informaci\u00f3 i els serveis facilitats siguin completament ajustats a les seves necessitats.<\/p><p>De la mateixa manera, l'usuari es podr\u00e0 donar de baixa de qualsevol dels serveis de subscripci\u00f3 facilitats fent clic a l'apartat de donar-se de baixa de tots els correus electr\u00f2nics remesos per part del prestador.<\/p><p>De la mateixa manera, el prestador ha adoptat totes les mesures t\u00e8cniques i organitzatives necess\u00e0ries per garantir la seguretat i la integritat de les dades de car\u00e0cter personal que tracti, aix\u00ed com per evitar la seva p\u00e8rdua, alteraci\u00f3 i\/o acc\u00e9s per part de tercers no autoritzats.<\/p><p><strong>\u00daS DE COOKIES (veure\u00a0<u>Pol\u00edtica de cookies<\/u>)<\/strong><\/p><p>Una galeta \u00e9s un fitxer que es descarrega al vostre ordinador en accedir a determinades p\u00e0gines web. Les galetes permeten a una p\u00e0gina web, entre altres coses, emmagatzemar i recuperar informaci\u00f3 sobre els h\u00e0bits de navegaci\u00f3 d'un usuari o del seu equip i, depenent de la informaci\u00f3 que continguin i de la manera com utilitzi el seu equip, es poden utilitzar per recon\u00e8ixer l'usuari.<\/p><p>Queden exceptuades del compliment de les obligacions establertes a l'article 22.2 de la Llei 34\/2002 LSSICE les cookies utilitzades per a alguna de les finalitats seg\u00fcents:<\/p><ul><li>Criteri A: Permetre \u00fanicament la comunicaci\u00f3 entre lequip de lusuari i la xarxa.<\/li><li>Criteri B: Estrictament prestar un servei expressament sol\u00b7licitat per lusuari.<\/li><\/ul><p>\u00c9s a dir, entre les galetes exceptuades estarien aquelles que tenen per finalitat:<\/p><ul><li>Galetes d'entrada de l'usuari<\/li><li>Galetes d'autenticaci\u00f3 o identificaci\u00f3 d'usuari (\u00fanicament de sessi\u00f3)<\/li><li>Galetes de seguretat de l'usuari<\/li><li>Galetes de sessi\u00f3 de reproductor multim\u00e8dia<\/li><li>Galetes de sessi\u00f3 per equilibrar la c\u00e0rrega<\/li><li>Galetes de personalitzaci\u00f3 de la interf\u00edcie d'usuari<\/li><li>Cookies de complement (plug-in) per intercanviar continguts socials<\/li><\/ul><p>En el cas del Criteri B la galeta que ofereixi un servei de la societat de la informaci\u00f3 hauria de reunir les dues condicions seg\u00fcents:<\/p><ul><li>que la galeta sigui necess\u00e0ria per prestar una funcionalitat espec\u00edfica a l'usuari (o abonat): si les galetes no funcionen, la funcionalitat no es prestar\u00e0<\/li><li>que la funcionalitat hagi estat sol\u00b7licitada expl\u00edcitament per l'usuari (o abonat), com a part d'un servei de la societat de la informaci\u00f3<\/li><\/ul><p>En cas que aquest lloc web faci servir galetes no excloses de l'\u00e0mbit d'aplicaci\u00f3 d'aquesta normativa legal, utilitzar\u00e0 un sistema d'informaci\u00f3 en dues capes.<\/p><p>A la primera capa mostrar\u00e0 la informaci\u00f3 essencial sobre l'exist\u00e8ncia de galetes, si s\u00f3n pr\u00f2pies o de tercers i les finalitats de les galetes emprades, aix\u00ed com les maneres de prestar el consentiment.<\/p><p>A la segona capa, informaria sobre qu\u00e8 s\u00f3n i per a qu\u00e8 s'utilitzen les galetes, els tipus de galetes utilitzades i la seva finalitat, aix\u00ed com la forma de desactivar o eliminar les galetes enunciades a trav\u00e9s de les funcionalitats facilitades per l'editor, les eines proporcionades pel navegador o el terminal oa trav\u00e9s de les plataformes comunes que poguessin existir, per a aquesta finalitat o si escau, la forma de. Tamb\u00e9 en aquesta segona capa oferir\u00e0 informaci\u00f3 sobre la identificaci\u00f3 de qui utilitza les galetes, \u00e9s a dir, si la informaci\u00f3 obtinguda per les galetes \u00e9s tractada nom\u00e9s per l'editor i\/o tamb\u00e9 per tercers. Amb la identificaci\u00f3 d'aquells amb qui hagi contractat o els serveis dels quals ha decidit integrar l'editor.<\/p><p><strong>ADRECES IP<\/strong><\/p><p>Els servidors del lloc web podran detectar autom\u00e0ticament l'adre\u00e7a IP i el nom de domini utilitzats per l'usuari. Una adre\u00e7a IP \u00e9s un n\u00famero assignat autom\u00e0ticament a un ordinador quan aquest es connecta a Internet. Tota aquesta informaci\u00f3 \u00e9s registrada en un fitxer d'activitat del servidor degudament inscrit que permet el processament posterior de les dades per tal d'obtenir mesures \u00fanicament estad\u00edstiques que permetin con\u00e8ixer el nombre d'impressions de p\u00e0gines, el nombre de visites realitzades als serveis web, l'ordre de visites, el punt d'acc\u00e9s, etc.<\/p><p><strong>SEGURETAT<\/strong><\/p><p>El lloc web utilitza t\u00e8cniques de seguretat de la informaci\u00f3 generalment acceptades a la ind\u00fastria, tals com firewalls, procediments de control d'acc\u00e9s i mecanismes criptogr\u00e0fics, tot per evitar l'acc\u00e9s no autoritzat a les dades. Per aconseguir aquests fins, l'usuari\/client accepta que el prestador obtingui dades per a l'autenticaci\u00f3 corresponent dels controls d'acc\u00e9s.<\/p><p>Tot proc\u00e9s que comporti la introducci\u00f3 de dades personals de car\u00e0cter alt (salut, ideologia, \u2026) seran sempre transmesos mitjan\u00e7ant protocol de comunicaci\u00f3 segura (https:\/\/\u2026) amb certificat SSL, de manera que cap tercer tingui acc\u00e9s a la informaci\u00f3 transmesa via electr\u00f2nica.<\/p>\t\t\t\t\t\t\t\t<\/div>\n\t\t\t\t<\/div>\n\t\t\t\t\t<\/div>\n\t\t<\/div>\n\t\t\t\t\t<\/div>\n\t\t<\/section>\n\t\t\t\t<\/div>","protected":false},"excerpt":{"rendered":"<p>POL\u00cdTICA DE PRIVACIDAD \u00bfQui\u00e9n es el Responsable del tratamiento de sus datos personales? Nombre del dominio: tugues.euDenominaci\u00f3n Social: TUGUES MATERIALS DE CONSTRUCCI\u00d3, SLCIF: B25468992Nombre Comercial: TUGUES MATERIALS DE CONSTRUCCI\u00d3Correo electr\u00f3nico: info@tugues.euTel\u00e9fono: 973 46 02 55Direcci\u00f3n: Carretera de Calaf, Pol Ind. A-B 25740 Ponts Lleida \u00bfCon qu\u00e9 finalidad tratamos sus datos personales? El Responsable trata sus [&hellip;]<\/p>\n","protected":false},"author":2,"featured_media":0,"parent":0,"menu_order":0,"comment_status":"closed","ping_status":"closed","template":"","meta":{"site-sidebar-layout":"no-sidebar","site-content-layout":"page-builder","ast-site-content-layout":"default","site-content-style":"default","site-sidebar-style":"default","ast-global-header-display":"","ast-banner-title-visibility":"","ast-main-header-display":"","ast-hfb-above-header-display":"","ast-hfb-below-header-display":"","ast-hfb-mobile-header-display":"","site-post-title":"disabled","ast-breadcrumbs-content":"","ast-featured-img":"disabled","footer-sml-layout":"","ast-disable-related-posts":"","theme-transparent-header-meta":"default","adv-header-id-meta":"","stick-header-meta":"","header-above-stick-meta":"","header-main-stick-meta":"","header-below-stick-meta":"","astra-migrate-meta-layouts":"default","ast-page-background-enabled":"default","ast-page-background-meta":{"desktop":{"background-color":"var(--ast-global-color-4)","background-image":"","background-repeat":"repeat","background-position":"center center","background-size":"auto","background-attachment":"scroll","background-type":"","background-media":"","overlay-type":"","overlay-color":"","overlay-opacity":"","overlay-gradient":""},"tablet":{"background-color":"","background-image":"","background-repeat":"repeat","background-position":"center center","background-size":"auto","background-attachment":"scroll","background-type":"","background-media":"","overlay-type":"","overlay-color":"","overlay-opacity":"","overlay-gradient":""},"mobile":{"background-color":"","background-image":"","background-repeat":"repeat","background-position":"center center","background-size":"auto","background-attachment":"scroll","background-type":"","background-media":"","overlay-type":"","overlay-color":"","overlay-opacity":"","overlay-gradient":""}},"ast-content-background-meta":{"desktop":{"background-color":"var(--ast-global-color-5)","background-image":"","background-repeat":"repeat","background-position":"center center","background-size":"auto","background-attachment":"scroll","background-type":"","background-media":"","overlay-type":"","overlay-color":"","overlay-opacity":"","overlay-gradient":""},"tablet":{"background-color":"var(--ast-global-color-5)","background-image":"","background-repeat":"repeat","background-position":"center center","background-size":"auto","background-attachment":"scroll","background-type":"","background-media":"","overlay-type":"","overlay-color":"","overlay-opacity":"","overlay-gradient":""},"mobile":{"background-color":"var(--ast-global-color-5)","background-image":"","background-repeat":"repeat","background-position":"center center","background-size":"auto","background-attachment":"scroll","background-type":"","background-media":"","overlay-type":"","overlay-color":"","overlay-opacity":"","overlay-gradient":""}},"footnotes":""},"class_list":["post-7786","page","type-page","status-publish","hentry"],"_links":{"self":[{"href":"https:\/\/tugues.eu\/ca\/wp-json\/wp\/v2\/pages\/7786","targetHints":{"allow":["GET"]}}],"collection":[{"href":"https:\/\/tugues.eu\/ca\/wp-json\/wp\/v2\/pages"}],"about":[{"href":"https:\/\/tugues.eu\/ca\/wp-json\/wp\/v2\/types\/page"}],"author":[{"embeddable":true,"href":"https:\/\/tugues.eu\/ca\/wp-json\/wp\/v2\/users\/2"}],"replies":[{"embeddable":true,"href":"https:\/\/tugues.eu\/ca\/wp-json\/wp\/v2\/comments?post=7786"}],"version-history":[{"count":7,"href":"https:\/\/tugues.eu\/ca\/wp-json\/wp\/v2\/pages\/7786\/revisions"}],"predecessor-version":[{"id":7801,"href":"https:\/\/tugues.eu\/ca\/wp-json\/wp\/v2\/pages\/7786\/revisions\/7801"}],"wp:attachment":[{"href":"https:\/\/tugues.eu\/ca\/wp-json\/wp\/v2\/media?parent=7786"}],"curies":[{"name":"wp","href":"https:\/\/api.w.org\/{rel}","templated":true}]}}