{"id":7791,"date":"2024-03-01T12:53:08","date_gmt":"2024-03-01T12:53:08","guid":{"rendered":"https:\/\/tugues.eu\/?page_id=7791"},"modified":"2024-03-01T12:54:15","modified_gmt":"2024-03-01T12:54:15","slug":"politica-de-cookies","status":"publish","type":"page","link":"https:\/\/tugues.eu\/ca\/politica-de-cookies\/","title":{"rendered":"Pol\u00edtica de cookies"},"content":{"rendered":"<div data-elementor-type=\"wp-page\" data-elementor-id=\"7791\" class=\"elementor elementor-7791\">\n\t\t\t\t\t\t<section class=\"elementor-section elementor-top-section elementor-element elementor-element-b86e664 elementor-section-boxed elementor-section-height-default elementor-section-height-default\" data-id=\"b86e664\" data-element_type=\"section\" data-e-type=\"section\">\n\t\t\t\t\t\t<div class=\"elementor-container elementor-column-gap-default\">\n\t\t\t\t\t<div class=\"elementor-column elementor-col-100 elementor-top-column elementor-element elementor-element-6015d67\" data-id=\"6015d67\" data-element_type=\"column\" data-e-type=\"column\">\n\t\t\t<div class=\"elementor-widget-wrap elementor-element-populated\">\n\t\t\t\t\t\t<div class=\"elementor-element elementor-element-21361e1 elementor-widget elementor-widget-heading\" data-id=\"21361e1\" data-element_type=\"widget\" data-e-type=\"widget\" data-widget_type=\"heading.default\">\n\t\t\t\t<div class=\"elementor-widget-container\">\n\t\t\t\t\t<h1 class=\"elementor-heading-title elementor-size-default\">POL\u00cdTICA DE COOKIES<\/h1>\t\t\t\t<\/div>\n\t\t\t\t<\/div>\n\t\t\t\t\t<\/div>\n\t\t<\/div>\n\t\t\t\t\t<\/div>\n\t\t<\/section>\n\t\t\t\t<section class=\"elementor-section elementor-top-section elementor-element elementor-element-fadcfe1 elementor-section-boxed elementor-section-height-default elementor-section-height-default\" data-id=\"fadcfe1\" data-element_type=\"section\" data-e-type=\"section\">\n\t\t\t\t\t\t<div class=\"elementor-container elementor-column-gap-default\">\n\t\t\t\t\t<div class=\"elementor-column elementor-col-100 elementor-top-column elementor-element elementor-element-c088cf5\" data-id=\"c088cf5\" data-element_type=\"column\" data-e-type=\"column\">\n\t\t\t<div class=\"elementor-widget-wrap elementor-element-populated\">\n\t\t\t\t\t\t<div class=\"elementor-element elementor-element-f3a54a5 elementor-widget elementor-widget-text-editor\" data-id=\"f3a54a5\" data-element_type=\"widget\" data-e-type=\"widget\" data-widget_type=\"text-editor.default\">\n\t\t\t\t<div class=\"elementor-widget-container\">\n\t\t\t\t\t\t\t\t\t<p>Nom del domini: tugues.eu<br \/>Denominaci\u00f3n Social: TUGUES MATERIALS DE CONSTRUCCI\u00d3, SL<br \/>CIF: B25468992<br \/>Nombre Comercial: TUGUES MATERIALS DE CONSTRUCCI\u00d3<br \/>Correu electr\u00f2nic: info@tugues.eu<br \/>Tel\u00e8fon: 973 46 02 55<br \/>Adre\u00e7a: Carretera de Calaf, Pol Ind. AB 25740 Ponts Lleida<\/p><ol><li><strong><u>QU\u00c8 S\u00d3N LES COOKIES?<\/u><\/strong><\/li><\/ol><p>Una galeta \u00e9s un fitxer que es descarrega al vostre ordinador en accedir a determinades p\u00e0gines web. Les galetes permeten a una p\u00e0gina web, entre altres coses, emmagatzemar i recuperar informaci\u00f3 sobre els h\u00e0bits de navegaci\u00f3 d'un usuari o del seu equip i, depenent de la informaci\u00f3 que continguin i de la manera com utilitzi el seu equip, es poden utilitzar per recon\u00e8ixer l'usuari.<\/p><ol start=\"2\"><li><strong><u>TIPUS DE COOKIES<\/u><\/strong><\/li><\/ol><p>Segons l'entitat que gestioni l'equip o el domini des d'on s'envien les cookies i tracti les dades que s'obtinguin, podem distingir:<\/p><ul><li><strong>Cookies pr\u00f2pies<\/strong>: S\u00f3n aquelles que s'envien a l'equip terminal de l'usuari des d'un equip o domini gestionat pel mateix editor i des del qual es presta el servei sol\u00b7licitat per l'usuari. S\u00f3n tamb\u00e9 anomenades cookies de primera part.<\/li><li><strong>Galetes de tercer<\/strong>: S\u00f3n aquelles que s'envien a l'equip terminal de l'usuari des d'un equip o domini que no \u00e9s gestionat per l'editor, sin\u00f3 per una altra entitat que tracta les dades obtingudes a trav\u00e9s de les galetes. S\u00f3n tamb\u00e9 anomenades cookies de tercera part.<\/li><\/ul><p>En el cas que les cookies siguin instal\u00b7lades des d'un equip o domini gestionat pel mateix editor per\u00f2 la informaci\u00f3 que es reculli mitjan\u00e7ant aquestes sigui gestionada per un tercer, s\u00f3n considerades com a cookies de tercer.<\/p><p>Segons el termini de temps que romanen activades a l'equip terminal podem distingir:<\/p><ul><li><strong>Galetes de sessi\u00f3<\/strong>: S\u00f3n un tipus de cookies dissenyades per demanar i emmagatzemar dades mentre l'usuari accedeix a una p\u00e0gina web. Se solen fer servir per emmagatzemar informaci\u00f3 que nom\u00e9s interessa conservar per a la prestaci\u00f3 del servei sol\u00b7licitat per l'usuari en una sola ocasi\u00f3 (per exemple: una llista de productes adquirits). Aquestes galetes s'esborren autom\u00e0ticament quan l'usuari tanca el navegador.<\/li><li><strong>Galetes persistents<\/strong>: S\u00f3n un tipus de cookies en qu\u00e8 les dades segueixen emmagatzemades al terminal i poden ser accedides i tractades durant un per\u00edode definit pel responsable de la galeta, i que pot anar des d'uns minuts a diversos anys.<\/li><\/ul><p>Segons la finalitat per a la qual es tractin les dades obtingudes a trav\u00e9s de les cookies, podem distingir entre:<\/p><ul><li><strong>Galetes t\u00e8cniques<\/strong>: S\u00f3n aquelles que permeten a l'usuari la navegaci\u00f3 a trav\u00e9s d'una p\u00e0gina web, plataforma o aplicaci\u00f3 i la utilitzaci\u00f3 de les diferents opcions o serveis que hi hagi com, per exemple, controlar el tr\u00e0nsit i la comunicaci\u00f3 de dades, identificar la sessi\u00f3, accedir a parts d'acc\u00e9s restringit, recordar els elements que integren una comanda, utilitzar elements de seguretat durant la navegaci\u00f3 o compartir continguts a trav\u00e9s de xarxes socials.<strong>\u00a0<\/strong><\/li><\/ul><ul><li><strong>Cookies de personalitzaci\u00f3<\/strong>: S\u00f3n aquelles que permeten a l'usuari accedir al servei amb algunes caracter\u00edstiques de car\u00e0cter general predefinides en funci\u00f3 d'una s\u00e8rie de criteris al terminal de l'usuari com ara l'idioma, el tipus de navegador a trav\u00e9s del qual accedeix al servei, la configuraci\u00f3 regional des d'on accedeix al servei, etc.<\/li><\/ul><ul><li><strong>Galetes d'an\u00e0lisi<\/strong>: S\u00f3n aquelles que permeten al responsable de les mateixes, el seguiment i an\u00e0lisi del comportament dels usuaris dels llocs web a qu\u00e8 estan vinculades. La informaci\u00f3 recollida mitjan\u00e7ant aquest tipus de cookies s'utilitza en el mesurament de l'activitat dels llocs web, l'aplicaci\u00f3 o la plataforma i per a l'elaboraci\u00f3 de perfils de navegaci\u00f3 dels usuaris d'aquests llocs, aplicacions i plataformes, per introduir millores en funci\u00f3 de l'an\u00e0lisi de les dades d'\u00fas que fan els usuaris del servei.<\/li><\/ul><ul><li><strong>Galetes publicit\u00e0ries<\/strong>: S\u00f3n aquelles que permeten la gesti\u00f3, de la manera m\u00e9s efica\u00e7 possible, dels espais publicitaris que, si escau, l'editor hagi incl\u00f2s en una p\u00e0gina web, aplicaci\u00f3 o plataforma des de la qual presta el servei sol\u00b7licitat en base a criteris com el contingut editat o la freq\u00fc\u00e8ncia en qu\u00e8 es mostren els anuncis.<\/li><\/ul><ul><li><strong>Cookies de publicitat comportamental<\/strong>: S\u00f3n aquelles que permeten la gesti\u00f3, de la manera m\u00e9s efica\u00e7 possible, dels espais publicitaris que, si escau, l'editor hagi incl\u00f2s en una p\u00e0gina web, aplicaci\u00f3 o plataforma des de la qual presta el servei sol\u00b7licitat. Aquestes cookies emmagatzemen informaci\u00f3 del comportament dels usuaris obtinguda a trav\u00e9s de l'observaci\u00f3 continuada dels seus h\u00e0bits de navegaci\u00f3, cosa que permet desenvolupar un perfil espec\u00edfic per mostrar publicitat en funci\u00f3 d'aix\u00f2.<\/li><\/ul><ol start=\"3\"><li><strong><u>COOKIES UTILITZADES<\/u><\/strong><\/li><\/ol><p>En el quadre seg\u00fcent s'identifiquen totes les cookies utilitzades en aquest lloc web, indicant-ne la finalitat concreta i si la informaci\u00f3 obtinguda per les cookies \u00e9s tractada per l'editor i\/o tamb\u00e9 per tercers amb qu\u00e8 l'editor ha contractat la prestaci\u00f3 d'un servei per al qual requereix l'\u00fas de cookies, amb identificaci\u00f3 d'aquests \u00faltims.<\/p><table><tbody><tr><td width=\"105\"><strong>Domini<\/strong><\/td><td width=\"53\"><strong>Nombre de galetes<\/strong><\/td><td width=\"85\"><strong>Primera \/ Tercera part<\/strong><\/td><td width=\"68\"><strong>Sessi\u00f3 \/ Persistent<\/strong><\/td><td width=\"74\"><strong>Per\u00edode de conservaci\u00f3<\/strong><\/td><td width=\"196\"><strong>Finalitat<\/strong><\/td><\/tr><tr><td width=\"105\">.tugues.eu<\/td><td width=\"53\">_a<\/td><td width=\"85\">Tercera<\/td><td width=\"68\">Persistent<\/td><td width=\"74\">2 anys<\/td><td width=\"196\">S'utilitza per distingir els usuaris a Google Analytics.<\/td><\/tr><tr><td width=\"105\">\u00a0<\/td><td width=\"53\">\u00a0<\/td><td width=\"85\">\u00a0<\/td><td width=\"68\">\u00a0<\/td><td width=\"74\">\u00a0<\/td><td width=\"196\">\u00a0<\/td><\/tr><\/tbody><\/table><ol start=\"4\"><li><strong><u>DESACTIVACI\u00d3 O ELIMINACI\u00d3 DE LES COOKIES<\/u><\/strong><\/li><\/ol><p>Les galetes instal\u00b7lades al vostre equip les pot permetre, bloquejar o eliminar mitjan\u00e7ant la configuraci\u00f3 de les opcions del navegador instal\u00b7lat al vostre equip.<\/p><p>El navegador es pot configurar perqu\u00e8 avisi en pantalla la recepci\u00f3 de noves galetes i per impedir-ne la instal\u00b7laci\u00f3.<\/p><p>L'usuari pot revocar el consentiment prestat quan es van instal\u00b7lar les galetes i eliminar-les.<\/p><p>Cada navegador es pot configurar acceptant o rebutjant totes les cookies, o b\u00e9 seleccionat aquelles la instal\u00b7laci\u00f3 de les quals admet i quines no.<\/p><p>Els enlla\u00e7os a les p\u00e0gines on s'informa com configurar els principals navegadors s\u00f3n els seg\u00fcents:<\/p><ul><li>Explorador de Microsoft:<\/li><\/ul><p><a href=\"http:\/\/windows.microsoft.com\/es-es\/internet-explorer\/ie-security-privacy-settings#ie=ie-11\">http:\/\/windows.microsoft.com\/es-es\/internet-explorer\/ie-security-privacy-settings#ie=ie-11<\/a><\/p><ul><li>Mozilla Firefox:<\/li><\/ul><p><a href=\"http:\/\/support.mozilla.org\/es\/kb\/cookies-informacion-que-los-sitios-web-guardan-en-?redirectlocale=en-US&amp;redirectslug=Cookies\">http:\/\/support.mozilla.org\/es\/kb\/cookies-informacion-que-los-sitios-web-guardan-en-?redirectlocale=en-US&amp;redirectslug=Cookies<\/a><\/p><ul><li>Google Chrome:<\/li><\/ul><p><a href=\"https:\/\/support.google.com\/chrome\/answer\/95647?hl=es\">https:\/\/support.google.com\/chrome\/answer\/95647?hl=es<\/a><\/p><ul><li>Safari:<\/li><\/ul><p><a href=\"http:\/\/support.apple.com\/kb\/HT1677?viewlocale=es_ES&amp;locale=es_ES\">http:\/\/support.apple.com\/kb\/HT1677?viewlocale=es_ES&amp;locale=es_ES<\/a><\/p><p>El \u201cComplement d'inhabilitaci\u00f3 per a navegadors de Google Analytics\u201d a trav\u00e9s de les instruccions del qual es poden rebutjar les cookies anal\u00edtiques d'aquest servei a tots els navegadors, es pot obtenir a trav\u00e9s de l'enlla\u00e7\u00a0<a href=\"https:\/\/tools.google.com\/dlpage\/gaoptout\">https:\/\/tools.google.com\/dlpage\/gaoptou<\/a><\/p><p>A la seg\u00fcent p\u00e0gina es pot consultar la pol\u00edtica de privadesa de Google:<\/p><p><a href=\"http:\/\/www.google.es\/intl\/es\/policies\/privacy\">http:\/\/www.google.es\/intl\/es\/policies\/privacy<\/a><\/p><p>A la seg\u00fcent p\u00e0gina es pot consultar com utilitza Google les galetes:<\/p><p><a href=\"http:\/\/www.google.com\/intl\/es\/policies\/technologies\/cookies\/\">http:\/\/www.google.com\/intl\/es\/policies\/technologies\/cookies\/<\/a><\/p><p>A la seg\u00fcent p\u00e0gina es pot consultar quins tipus de cookies utilitza Google:<\/p><p><a href=\"http:\/\/www.google.com\/intl\/es\/policies\/technologies\/types\/\">http:\/\/www.google.com\/intl\/es\/policies\/technologies\/types\/<\/a><\/p>\t\t\t\t\t\t\t\t<\/div>\n\t\t\t\t<\/div>\n\t\t\t\t\t<\/div>\n\t\t<\/div>\n\t\t\t\t\t<\/div>\n\t\t<\/section>\n\t\t\t\t<\/div>","protected":false},"excerpt":{"rendered":"<p>POL\u00cdTICA DE COOKIES Nombre del dominio: tugues.euDenominaci\u00f3n Social: TUGUES MATERIALS DE CONSTRUCCI\u00d3, SLCIF: B25468992Nombre Comercial: TUGUES MATERIALS DE CONSTRUCCI\u00d3Correo electr\u00f3nico: info@tugues.euTel\u00e9fono: 973 46 02 55Direcci\u00f3n: Carretera de Calaf, Pol Ind. A-B 25740 Ponts Lleida \u00bfQU\u00c9 SON LAS COOKIES? Una cookie es un fichero que se descarga en su ordenador al acceder a determinadas p\u00e1ginas web. [&hellip;]<\/p>\n","protected":false},"author":2,"featured_media":0,"parent":0,"menu_order":0,"comment_status":"closed","ping_status":"closed","template":"","meta":{"site-sidebar-layout":"no-sidebar","site-content-layout":"page-builder","ast-site-content-layout":"default","site-content-style":"default","site-sidebar-style":"default","ast-global-header-display":"","ast-banner-title-visibility":"","ast-main-header-display":"","ast-hfb-above-header-display":"","ast-hfb-below-header-display":"","ast-hfb-mobile-header-display":"","site-post-title":"disabled","ast-breadcrumbs-content":"","ast-featured-img":"disabled","footer-sml-layout":"","ast-disable-related-posts":"","theme-transparent-header-meta":"default","adv-header-id-meta":"","stick-header-meta":"","header-above-stick-meta":"","header-main-stick-meta":"","header-below-stick-meta":"","astra-migrate-meta-layouts":"default","ast-page-background-enabled":"default","ast-page-background-meta":{"desktop":{"background-color":"var(--ast-global-color-4)","background-image":"","background-repeat":"repeat","background-position":"center center","background-size":"auto","background-attachment":"scroll","background-type":"","background-media":"","overlay-type":"","overlay-color":"","overlay-opacity":"","overlay-gradient":""},"tablet":{"background-color":"","background-image":"","background-repeat":"repeat","background-position":"center center","background-size":"auto","background-attachment":"scroll","background-type":"","background-media":"","overlay-type":"","overlay-color":"","overlay-opacity":"","overlay-gradient":""},"mobile":{"background-color":"","background-image":"","background-repeat":"repeat","background-position":"center center","background-size":"auto","background-attachment":"scroll","background-type":"","background-media":"","overlay-type":"","overlay-color":"","overlay-opacity":"","overlay-gradient":""}},"ast-content-background-meta":{"desktop":{"background-color":"var(--ast-global-color-5)","background-image":"","background-repeat":"repeat","background-position":"center center","background-size":"auto","background-attachment":"scroll","background-type":"","background-media":"","overlay-type":"","overlay-color":"","overlay-opacity":"","overlay-gradient":""},"tablet":{"background-color":"var(--ast-global-color-5)","background-image":"","background-repeat":"repeat","background-position":"center center","background-size":"auto","background-attachment":"scroll","background-type":"","background-media":"","overlay-type":"","overlay-color":"","overlay-opacity":"","overlay-gradient":""},"mobile":{"background-color":"var(--ast-global-color-5)","background-image":"","background-repeat":"repeat","background-position":"center center","background-size":"auto","background-attachment":"scroll","background-type":"","background-media":"","overlay-type":"","overlay-color":"","overlay-opacity":"","overlay-gradient":""}},"footnotes":""},"class_list":["post-7791","page","type-page","status-publish","hentry"],"_links":{"self":[{"href":"https:\/\/tugues.eu\/ca\/wp-json\/wp\/v2\/pages\/7791","targetHints":{"allow":["GET"]}}],"collection":[{"href":"https:\/\/tugues.eu\/ca\/wp-json\/wp\/v2\/pages"}],"about":[{"href":"https:\/\/tugues.eu\/ca\/wp-json\/wp\/v2\/types\/page"}],"author":[{"embeddable":true,"href":"https:\/\/tugues.eu\/ca\/wp-json\/wp\/v2\/users\/2"}],"replies":[{"embeddable":true,"href":"https:\/\/tugues.eu\/ca\/wp-json\/wp\/v2\/comments?post=7791"}],"version-history":[{"count":4,"href":"https:\/\/tugues.eu\/ca\/wp-json\/wp\/v2\/pages\/7791\/revisions"}],"predecessor-version":[{"id":7795,"href":"https:\/\/tugues.eu\/ca\/wp-json\/wp\/v2\/pages\/7791\/revisions\/7795"}],"wp:attachment":[{"href":"https:\/\/tugues.eu\/ca\/wp-json\/wp\/v2\/media?parent=7791"}],"curies":[{"name":"wp","href":"https:\/\/api.w.org\/{rel}","templated":true}]}}