{"id":7791,"date":"2024-03-01T12:53:08","date_gmt":"2024-03-01T12:53:08","guid":{"rendered":"https:\/\/tugues.eu\/?page_id=7791"},"modified":"2024-03-01T12:54:15","modified_gmt":"2024-03-01T12:54:15","slug":"politica-de-cookies","status":"publish","type":"page","link":"https:\/\/tugues.eu\/en\/politica-de-cookies\/","title":{"rendered":"Cookie policy"},"content":{"rendered":"<div data-elementor-type=\"wp-page\" data-elementor-id=\"7791\" class=\"elementor elementor-7791\">\n\t\t\t\t\t\t<section class=\"elementor-section elementor-top-section elementor-element elementor-element-b86e664 elementor-section-boxed elementor-section-height-default elementor-section-height-default\" data-id=\"b86e664\" data-element_type=\"section\" data-e-type=\"section\">\n\t\t\t\t\t\t<div class=\"elementor-container elementor-column-gap-default\">\n\t\t\t\t\t<div class=\"elementor-column elementor-col-100 elementor-top-column elementor-element elementor-element-6015d67\" data-id=\"6015d67\" data-element_type=\"column\" data-e-type=\"column\">\n\t\t\t<div class=\"elementor-widget-wrap elementor-element-populated\">\n\t\t\t\t\t\t<div class=\"elementor-element elementor-element-21361e1 elementor-widget elementor-widget-heading\" data-id=\"21361e1\" data-element_type=\"widget\" data-e-type=\"widget\" data-widget_type=\"heading.default\">\n\t\t\t\t<div class=\"elementor-widget-container\">\n\t\t\t\t\t<h1 class=\"elementor-heading-title elementor-size-default\">COOKIE POLICY<\/h1>\t\t\t\t<\/div>\n\t\t\t\t<\/div>\n\t\t\t\t\t<\/div>\n\t\t<\/div>\n\t\t\t\t\t<\/div>\n\t\t<\/section>\n\t\t\t\t<section class=\"elementor-section elementor-top-section elementor-element elementor-element-fadcfe1 elementor-section-boxed elementor-section-height-default elementor-section-height-default\" data-id=\"fadcfe1\" data-element_type=\"section\" data-e-type=\"section\">\n\t\t\t\t\t\t<div class=\"elementor-container elementor-column-gap-default\">\n\t\t\t\t\t<div class=\"elementor-column elementor-col-100 elementor-top-column elementor-element elementor-element-c088cf5\" data-id=\"c088cf5\" data-element_type=\"column\" data-e-type=\"column\">\n\t\t\t<div class=\"elementor-widget-wrap elementor-element-populated\">\n\t\t\t\t\t\t<div class=\"elementor-element elementor-element-f3a54a5 elementor-widget elementor-widget-text-editor\" data-id=\"f3a54a5\" data-element_type=\"widget\" data-e-type=\"widget\" data-widget_type=\"text-editor.default\">\n\t\t\t\t<div class=\"elementor-widget-container\">\n\t\t\t\t\t\t\t\t\t<p>Domain name: tugues.eu<br \/>Company Name: TUGUES MATERIALS DE CONSTRUCTION, SL<br \/>CIF: B25468992<br \/>Commercial Name: TUGUES CONSTRUCTION MATERIALS<br \/>Email: info@tugues.eu<br \/>Telephone: 973 46 02 55<br \/>Address: Calaf Road, Pol Ind. AB 25740 Ponts Lleida<\/p><ol><li><strong><u>WHAT ARE COOKIES?<\/u><\/strong><\/li><\/ol><p>A cookie is a file that is downloaded to your computer when you access certain web pages. Cookies allow a website, among other things, to store and retrieve information about a user's browsing habits or their device, and, depending on the information they contain and how you use your device, they can be used to recognize the user.<\/p><ol start=\"2\"><li><strong><u>TYPES OF COOKIES<\/u><\/strong><\/li><\/ol><p>Depending on the entity that manages the equipment or domain from which the cookies are sent and processes the data obtained, we can distinguish:<\/p><ul><li><strong>First-party cookies<\/strong>These are cookies that are sent to the user's terminal equipment from a computer or domain managed by the publisher itself, from which the service requested by the user is provided. They are also called first-party cookies.<\/li><li><strong>Third-party cookies<\/strong>These are cookies that are sent to the user's terminal equipment from a computer or domain that is not managed by the publisher, but by another entity that processes the data obtained through the cookies. They are also called third-party cookies.<\/li><\/ul><p>If cookies are installed from a computer or domain managed by the publisher itself, but the information collected through them is managed by a third party, they are considered third-party cookies.<\/p><p>Depending on the length of time they remain active on the terminal equipment, we can distinguish:<\/p><ul><li><strong>Session cookies<\/strong>These are a type of cookie designed to collect and store data while a user accesses a website. They are typically used to store information that is only needed to provide the service requested by the user on a single occasion (for example, a list of purchased products). These cookies are automatically deleted when the user closes their browser.<\/li><li><strong>Persistent cookies<\/strong>These are a type of cookie in which the data remains stored on the terminal and can be accessed and processed for a period defined by the cookie owner, which can range from a few minutes to several years.<\/li><\/ul><p>Depending on the purpose for which the data obtained through cookies is processed, we can distinguish between:<\/p><ul><li><strong>Technical cookies<\/strong>These are cookies that allow the user to navigate through a website, platform or application and use the different options or services that exist therein, such as controlling traffic and data communication, identifying the session, accessing restricted areas, remembering the items in an order, using security features while browsing or sharing content through social networks.<strong>\u00a0<\/strong><\/li><\/ul><ul><li><strong>Personalization cookies<\/strong>These are those that allow the user to access the service with some predefined general characteristics based on a series of criteria in the user's terminal, such as language, the type of browser through which the service is accessed, the regional configuration from which the service is accessed, etc.<\/li><\/ul><ul><li><strong>Analytics cookies<\/strong>These are cookies that allow the website owner to track and analyze the behavior of users on the websites to which they are linked. The information collected through these cookies is used to measure website, application, or platform activity and to create user browsing profiles in order to introduce improvements based on the analysis of user data.<\/li><\/ul><ul><li><strong>Advertising cookies<\/strong>These are those that allow the most efficient management of advertising spaces that the publisher may have included on a website, application or platform from which the requested service is provided, based on criteria such as the content published or the frequency with which the ads are displayed.<\/li><\/ul><ul><li><strong>Behavioral advertising cookies<\/strong>These are cookies that allow for the most efficient management of advertising spaces that the publisher may have included on a website, application, or platform from which the requested service is provided. These cookies store information about user behavior obtained through continuous observation of browsing habits, allowing for the development of a specific profile to display advertising based on that profile.<\/li><\/ul><ol start=\"3\"><li><strong><u>COOKIES USED<\/u><\/strong><\/li><\/ol><p>The following table identifies all the cookies used on this website, indicating their specific purpose and whether the information obtained by the cookies is processed by the publisher and\/or also by third parties with whom the publisher has contracted the provision of a service for which it requires the use of cookies, with identification of the latter.<\/p><table><tbody><tr><td width=\"105\"><strong>Domain<\/strong><\/td><td width=\"53\"><strong>Number of cookies<\/strong><\/td><td width=\"85\"><strong>Part One \/ Part Three<\/strong><\/td><td width=\"68\"><strong>Session \/ Persistent<\/strong><\/td><td width=\"74\"><strong>Storage period<\/strong><\/td><td width=\"196\"><strong>Purpose<\/strong><\/td><\/tr><tr><td width=\"105\">.tugues.eu<\/td><td width=\"53\">_to<\/td><td width=\"85\">Third<\/td><td width=\"68\">Persistent<\/td><td width=\"74\">2 years<\/td><td width=\"196\">It is used to distinguish users in Google Analytics.<\/td><\/tr><tr><td width=\"105\">\u00a0<\/td><td width=\"53\">\u00a0<\/td><td width=\"85\">\u00a0<\/td><td width=\"68\">\u00a0<\/td><td width=\"74\">\u00a0<\/td><td width=\"196\">\u00a0<\/td><\/tr><\/tbody><\/table><ol start=\"4\"><li><strong><u>DISABLING OR DELETING COOKIES<\/u><\/strong><\/li><\/ol><p>You can allow, block, or delete cookies installed on your computer by configuring the options of the browser installed on your computer.<\/p><p>The browser can be configured to notify you on screen when new cookies are received and to prevent their installation.<\/p><p>The user can revoke the consent given when the cookies were installed and delete them.<\/p><p>Each browser can be configured to accept or reject all cookies, or to select which ones it allows and which ones it does not.<\/p><p>The links to the pages that explain how to configure the main browsers are as follows:<\/p><ul><li>Microsoft Explorer:<\/li><\/ul><p><a href=\"http:\/\/windows.microsoft.com\/es-es\/internet-explorer\/ie-security-privacy-settings#ie=ie-11\">http:\/\/windows.microsoft.com\/es-es\/internet-explorer\/ie-security-privacy-settings#ie=ie-11<\/a><\/p><ul><li>Mozilla Firefox:<\/li><\/ul><p><a href=\"http:\/\/support.mozilla.org\/es\/kb\/cookies-informacion-que-los-sitios-web-guardan-en-?redirectlocale=en-US&amp;redirectslug=Cookies\">http:\/\/support.mozilla.org\/es\/kb\/cookies-informacion-que-los-sitios-web-guardan-en-?redirectlocale=en-US&amp;redirectslug=Cookies<\/a><\/p><ul><li>Google Chrome:<\/li><\/ul><p><a href=\"https:\/\/support.google.com\/chrome\/answer\/95647?hl=es\">https:\/\/support.google.com\/chrome\/answer\/95647?hl=es<\/a><\/p><ul><li>Safari:<\/li><\/ul><p><a href=\"http:\/\/support.apple.com\/kb\/HT1677?viewlocale=es_ES&amp;locale=es_ES\">http:\/\/support.apple.com\/kb\/HT1677?viewlocale=es_ES&amp;locale=es_ES<\/a><\/p><p>The \u201cGoogle Analytics Opt-out Browser Add-on,\u201d which allows you to reject analytics cookies from this service in all browsers, can be obtained via the following link.\u00a0<a href=\"https:\/\/tools.google.com\/dlpage\/gaoptout\">https:\/\/tools.google.com\/dlpage\/gaoptou<\/a><\/p><p>Google's privacy policy can be found on the following page:<\/p><p><a href=\"http:\/\/www.google.es\/intl\/es\/policies\/privacy\">http:\/\/www.google.es\/intl\/es\/policies\/privacy<\/a><\/p><p>The following page explains how Google uses cookies:<\/p><p><a href=\"http:\/\/www.google.com\/intl\/es\/policies\/technologies\/cookies\/\">http:\/\/www.google.com\/intl\/es\/policies\/technologies\/cookies\/<\/a><\/p><p>The following page shows what types of cookies Google uses:<\/p><p><a href=\"http:\/\/www.google.com\/intl\/es\/policies\/technologies\/types\/\">http:\/\/www.google.com\/intl\/es\/policies\/technologies\/types\/<\/a><\/p>\t\t\t\t\t\t\t\t<\/div>\n\t\t\t\t<\/div>\n\t\t\t\t\t<\/div>\n\t\t<\/div>\n\t\t\t\t\t<\/div>\n\t\t<\/section>\n\t\t\t\t<\/div>","protected":false},"excerpt":{"rendered":"<p>POL\u00cdTICA DE COOKIES Nombre del dominio: tugues.euDenominaci\u00f3n Social: TUGUES MATERIALS DE CONSTRUCCI\u00d3, SLCIF: B25468992Nombre Comercial: TUGUES MATERIALS DE CONSTRUCCI\u00d3Correo electr\u00f3nico: info@tugues.euTel\u00e9fono: 973 46 02 55Direcci\u00f3n: Carretera de Calaf, Pol Ind. A-B 25740 Ponts Lleida \u00bfQU\u00c9 SON LAS COOKIES? Una cookie es un fichero que se descarga en su ordenador al acceder a determinadas p\u00e1ginas web. [&hellip;]<\/p>\n","protected":false},"author":2,"featured_media":0,"parent":0,"menu_order":0,"comment_status":"closed","ping_status":"closed","template":"","meta":{"site-sidebar-layout":"no-sidebar","site-content-layout":"page-builder","ast-site-content-layout":"default","site-content-style":"default","site-sidebar-style":"default","ast-global-header-display":"","ast-banner-title-visibility":"","ast-main-header-display":"","ast-hfb-above-header-display":"","ast-hfb-below-header-display":"","ast-hfb-mobile-header-display":"","site-post-title":"disabled","ast-breadcrumbs-content":"","ast-featured-img":"disabled","footer-sml-layout":"","ast-disable-related-posts":"","theme-transparent-header-meta":"default","adv-header-id-meta":"","stick-header-meta":"","header-above-stick-meta":"","header-main-stick-meta":"","header-below-stick-meta":"","astra-migrate-meta-layouts":"default","ast-page-background-enabled":"default","ast-page-background-meta":{"desktop":{"background-color":"var(--ast-global-color-4)","background-image":"","background-repeat":"repeat","background-position":"center center","background-size":"auto","background-attachment":"scroll","background-type":"","background-media":"","overlay-type":"","overlay-color":"","overlay-opacity":"","overlay-gradient":""},"tablet":{"background-color":"","background-image":"","background-repeat":"repeat","background-position":"center center","background-size":"auto","background-attachment":"scroll","background-type":"","background-media":"","overlay-type":"","overlay-color":"","overlay-opacity":"","overlay-gradient":""},"mobile":{"background-color":"","background-image":"","background-repeat":"repeat","background-position":"center center","background-size":"auto","background-attachment":"scroll","background-type":"","background-media":"","overlay-type":"","overlay-color":"","overlay-opacity":"","overlay-gradient":""}},"ast-content-background-meta":{"desktop":{"background-color":"var(--ast-global-color-5)","background-image":"","background-repeat":"repeat","background-position":"center center","background-size":"auto","background-attachment":"scroll","background-type":"","background-media":"","overlay-type":"","overlay-color":"","overlay-opacity":"","overlay-gradient":""},"tablet":{"background-color":"var(--ast-global-color-5)","background-image":"","background-repeat":"repeat","background-position":"center center","background-size":"auto","background-attachment":"scroll","background-type":"","background-media":"","overlay-type":"","overlay-color":"","overlay-opacity":"","overlay-gradient":""},"mobile":{"background-color":"var(--ast-global-color-5)","background-image":"","background-repeat":"repeat","background-position":"center center","background-size":"auto","background-attachment":"scroll","background-type":"","background-media":"","overlay-type":"","overlay-color":"","overlay-opacity":"","overlay-gradient":""}},"footnotes":""},"class_list":["post-7791","page","type-page","status-publish","hentry"],"_links":{"self":[{"href":"https:\/\/tugues.eu\/en\/wp-json\/wp\/v2\/pages\/7791","targetHints":{"allow":["GET"]}}],"collection":[{"href":"https:\/\/tugues.eu\/en\/wp-json\/wp\/v2\/pages"}],"about":[{"href":"https:\/\/tugues.eu\/en\/wp-json\/wp\/v2\/types\/page"}],"author":[{"embeddable":true,"href":"https:\/\/tugues.eu\/en\/wp-json\/wp\/v2\/users\/2"}],"replies":[{"embeddable":true,"href":"https:\/\/tugues.eu\/en\/wp-json\/wp\/v2\/comments?post=7791"}],"version-history":[{"count":4,"href":"https:\/\/tugues.eu\/en\/wp-json\/wp\/v2\/pages\/7791\/revisions"}],"predecessor-version":[{"id":7795,"href":"https:\/\/tugues.eu\/en\/wp-json\/wp\/v2\/pages\/7791\/revisions\/7795"}],"wp:attachment":[{"href":"https:\/\/tugues.eu\/en\/wp-json\/wp\/v2\/media?parent=7791"}],"curies":[{"name":"wp","href":"https:\/\/api.w.org\/{rel}","templated":true}]}}