{"id":7219,"date":"2024-02-26T14:37:48","date_gmt":"2024-02-26T14:37:48","guid":{"rendered":"https:\/\/tugues.eu\/?post_type=product&#038;p=7219"},"modified":"2024-02-26T14:38:08","modified_gmt":"2024-02-26T14:38:08","slug":"lamina-impermeabilizante-autoadhesiva-abt","status":"publish","type":"product","link":"https:\/\/tugues.eu\/en\/product\/lamina-impermeabilizante-autoadhesiva-abt\/","title":{"rendered":"L\u00c1MINA IMPERMEABILIZANTE AUTOADHESIVA ABT"},"content":{"rendered":"<p>L\u00c1MINA IMPERMEABILIZANTE AUTOADHESIVA ABT ROJO &#8211; 6&#215;1 m Rojo LBA-40\/G-FV-6&#215;1 m 6 m\u00b2 <\/p>","protected":false},"excerpt":{"rendered":"<p>L\u00e1mina de bet\u00fan modificado (LBM) con elast\u00f3meros SBS, con armadura de fieltro de fibra de vidrio, acabado interior pl\u00e1stico y exterior gr\u00e1nulos minerales o pizarra. De f\u00e1cil instalaci\u00f3n, para cubiertas inclinadas y p\u00e9rgolas de madera. Aplicaci\u00f3n en frio y sin soplete, evita el riesgo de incendio en la impermeabilizaci\u00f3n  de cubiertas con soportes de madera.<\/p>","protected":false},"featured_media":7238,"comment_status":"open","ping_status":"closed","template":"","meta":{"site-sidebar-layout":"default","site-content-layout":"","ast-site-content-layout":"default","site-content-style":"default","site-sidebar-style":"default","ast-global-header-display":"","ast-banner-title-visibility":"","ast-main-header-display":"","ast-hfb-above-header-display":"","ast-hfb-below-header-display":"","ast-hfb-mobile-header-display":"","site-post-title":"","ast-breadcrumbs-content":"","ast-featured-img":"","footer-sml-layout":"","ast-disable-related-posts":"","theme-transparent-header-meta":"","adv-header-id-meta":"","stick-header-meta":"","header-above-stick-meta":"","header-main-stick-meta":"","header-below-stick-meta":"","astra-migrate-meta-layouts":"default","ast-page-background-enabled":"default","ast-page-background-meta":{"desktop":{"background-color":"var(--ast-global-color-4)","background-image":"","background-repeat":"repeat","background-position":"center center","background-size":"auto","background-attachment":"scroll","background-type":"","background-media":"","overlay-type":"","overlay-color":"","overlay-opacity":"","overlay-gradient":""},"tablet":{"background-color":"","background-image":"","background-repeat":"repeat","background-position":"center center","background-size":"auto","background-attachment":"scroll","background-type":"","background-media":"","overlay-type":"","overlay-color":"","overlay-opacity":"","overlay-gradient":""},"mobile":{"background-color":"","background-image":"","background-repeat":"repeat","background-position":"center center","background-size":"auto","background-attachment":"scroll","background-type":"","background-media":"","overlay-type":"","overlay-color":"","overlay-opacity":"","overlay-gradient":""}},"ast-content-background-meta":{"desktop":{"background-color":"var(--ast-global-color-5)","background-image":"","background-repeat":"repeat","background-position":"center center","background-size":"auto","background-attachment":"scroll","background-type":"","background-media":"","overlay-type":"","overlay-color":"","overlay-opacity":"","overlay-gradient":""},"tablet":{"background-color":"var(--ast-global-color-5)","background-image":"","background-repeat":"repeat","background-position":"center center","background-size":"auto","background-attachment":"scroll","background-type":"","background-media":"","overlay-type":"","overlay-color":"","overlay-opacity":"","overlay-gradient":""},"mobile":{"background-color":"var(--ast-global-color-5)","background-image":"","background-repeat":"repeat","background-position":"center center","background-size":"auto","background-attachment":"scroll","background-type":"","background-media":"","overlay-type":"","overlay-color":"","overlay-opacity":"","overlay-gradient":""}}},"product_brand":[],"product_cat":[43,498,497,499,44],"product_tag":[],"class_list":{"0":"post-7219","1":"product","2":"type-product","3":"status-publish","4":"has-post-thumbnail","6":"product_cat-arbol-de-categorias","7":"product_cat-impermeabilizacion-asfaltica","8":"product_cat-impermeabilizacion-y-aislamiento","9":"product_cat-laminas-asfalticas","10":"product_cat-materiales-de-construccion-2","11":"desktop-align-left","12":"tablet-align-left","13":"mobile-align-left","15":"first","16":"instock","17":"shipping-taxable","18":"purchasable","19":"product-type-simple"},"_links":{"self":[{"href":"https:\/\/tugues.eu\/en\/wp-json\/wp\/v2\/product\/7219","targetHints":{"allow":["GET"]}}],"collection":[{"href":"https:\/\/tugues.eu\/en\/wp-json\/wp\/v2\/product"}],"about":[{"href":"https:\/\/tugues.eu\/en\/wp-json\/wp\/v2\/types\/product"}],"replies":[{"embeddable":true,"href":"https:\/\/tugues.eu\/en\/wp-json\/wp\/v2\/comments?post=7219"}],"wp:featuredmedia":[{"embeddable":true,"href":"https:\/\/tugues.eu\/en\/wp-json\/wp\/v2\/media\/7238"}],"wp:attachment":[{"href":"https:\/\/tugues.eu\/en\/wp-json\/wp\/v2\/media?parent=7219"}],"wp:term":[{"taxonomy":"product_brand","embeddable":true,"href":"https:\/\/tugues.eu\/en\/wp-json\/wp\/v2\/product_brand?post=7219"},{"taxonomy":"product_cat","embeddable":true,"href":"https:\/\/tugues.eu\/en\/wp-json\/wp\/v2\/product_cat?post=7219"},{"taxonomy":"product_tag","embeddable":true,"href":"https:\/\/tugues.eu\/en\/wp-json\/wp\/v2\/product_tag?post=7219"}],"curies":[{"name":"wp","href":"https:\/\/api.w.org\/{rel}","templated":true}]}}