{"id":7228,"date":"2024-02-26T14:37:49","date_gmt":"2024-02-26T14:37:49","guid":{"rendered":"https:\/\/tugues.eu\/?post_type=product&#038;p=7228"},"modified":"2024-02-26T14:38:42","modified_gmt":"2024-02-26T14:38:42","slug":"impermeabilizante-liquido-bdb-fibrado-3","status":"publish","type":"product","link":"https:\/\/tugues.eu\/en\/product\/impermeabilizante-liquido-bdb-fibrado-3\/","title":{"rendered":"IMPERMEABILIZANTE L\u00cdQUIDO BdB FIBRADO"},"content":{"rendered":"<p>IMPERMEABILIZANTE L\u00cdQUIDO BdB FIBRADO BLANCO 5 kg Blanco BLANCO 5 kg  <\/p>","protected":false},"excerpt":{"rendered":"<p>Impermeabilizante el\u00e1stico acr\u00edlico. Continuo, de protecci\u00f3n antifisuras y microporoso. Con fibra de vidrio incorporada que mejora su resistencia. Para la impermeabilizaci\u00f3n de fachadas y terrazas. Uso exterior. Alto contenido en fibra.<\/p>","protected":false},"featured_media":7260,"comment_status":"open","ping_status":"closed","template":"","meta":{"site-sidebar-layout":"default","site-content-layout":"","ast-site-content-layout":"default","site-content-style":"default","site-sidebar-style":"default","ast-global-header-display":"","ast-banner-title-visibility":"","ast-main-header-display":"","ast-hfb-above-header-display":"","ast-hfb-below-header-display":"","ast-hfb-mobile-header-display":"","site-post-title":"","ast-breadcrumbs-content":"","ast-featured-img":"","footer-sml-layout":"","ast-disable-related-posts":"","theme-transparent-header-meta":"","adv-header-id-meta":"","stick-header-meta":"","header-above-stick-meta":"","header-main-stick-meta":"","header-below-stick-meta":"","astra-migrate-meta-layouts":"default","ast-page-background-enabled":"default","ast-page-background-meta":{"desktop":{"background-color":"var(--ast-global-color-4)","background-image":"","background-repeat":"repeat","background-position":"center center","background-size":"auto","background-attachment":"scroll","background-type":"","background-media":"","overlay-type":"","overlay-color":"","overlay-opacity":"","overlay-gradient":""},"tablet":{"background-color":"","background-image":"","background-repeat":"repeat","background-position":"center center","background-size":"auto","background-attachment":"scroll","background-type":"","background-media":"","overlay-type":"","overlay-color":"","overlay-opacity":"","overlay-gradient":""},"mobile":{"background-color":"","background-image":"","background-repeat":"repeat","background-position":"center center","background-size":"auto","background-attachment":"scroll","background-type":"","background-media":"","overlay-type":"","overlay-color":"","overlay-opacity":"","overlay-gradient":""}},"ast-content-background-meta":{"desktop":{"background-color":"var(--ast-global-color-5)","background-image":"","background-repeat":"repeat","background-position":"center center","background-size":"auto","background-attachment":"scroll","background-type":"","background-media":"","overlay-type":"","overlay-color":"","overlay-opacity":"","overlay-gradient":""},"tablet":{"background-color":"var(--ast-global-color-5)","background-image":"","background-repeat":"repeat","background-position":"center center","background-size":"auto","background-attachment":"scroll","background-type":"","background-media":"","overlay-type":"","overlay-color":"","overlay-opacity":"","overlay-gradient":""},"mobile":{"background-color":"var(--ast-global-color-5)","background-image":"","background-repeat":"repeat","background-position":"center center","background-size":"auto","background-attachment":"scroll","background-type":"","background-media":"","overlay-type":"","overlay-color":"","overlay-opacity":"","overlay-gradient":""}}},"product_brand":[],"product_cat":[43,631,497,44],"product_tag":[],"class_list":{"0":"post-7228","1":"product","2":"type-product","3":"status-publish","4":"has-post-thumbnail","6":"product_cat-arbol-de-categorias","7":"product_cat-impermeabilizacion-liquida","8":"product_cat-impermeabilizacion-y-aislamiento","9":"product_cat-materiales-de-construccion-2","10":"desktop-align-left","11":"tablet-align-left","12":"mobile-align-left","14":"first","15":"instock","16":"shipping-taxable","17":"purchasable","18":"product-type-simple"},"_links":{"self":[{"href":"https:\/\/tugues.eu\/en\/wp-json\/wp\/v2\/product\/7228","targetHints":{"allow":["GET"]}}],"collection":[{"href":"https:\/\/tugues.eu\/en\/wp-json\/wp\/v2\/product"}],"about":[{"href":"https:\/\/tugues.eu\/en\/wp-json\/wp\/v2\/types\/product"}],"replies":[{"embeddable":true,"href":"https:\/\/tugues.eu\/en\/wp-json\/wp\/v2\/comments?post=7228"}],"wp:featuredmedia":[{"embeddable":true,"href":"https:\/\/tugues.eu\/en\/wp-json\/wp\/v2\/media\/7260"}],"wp:attachment":[{"href":"https:\/\/tugues.eu\/en\/wp-json\/wp\/v2\/media?parent=7228"}],"wp:term":[{"taxonomy":"product_brand","embeddable":true,"href":"https:\/\/tugues.eu\/en\/wp-json\/wp\/v2\/product_brand?post=7228"},{"taxonomy":"product_cat","embeddable":true,"href":"https:\/\/tugues.eu\/en\/wp-json\/wp\/v2\/product_cat?post=7228"},{"taxonomy":"product_tag","embeddable":true,"href":"https:\/\/tugues.eu\/en\/wp-json\/wp\/v2\/product_tag?post=7228"}],"curies":[{"name":"wp","href":"https:\/\/api.w.org\/{rel}","templated":true}]}}